{"id":85,"date":"2023-12-06T11:16:47","date_gmt":"2023-12-06T10:16:47","guid":{"rendered":"https:\/\/eldoradoor.be\/?page_id=85"},"modified":"2023-12-11T21:17:15","modified_gmt":"2023-12-11T20:17:15","slug":"produits","status":"publish","type":"page","link":"https:\/\/eldoradoor.be\/index.php\/produits\/","title":{"rendered":"Nos produits"},"content":{"rendered":"\n<p><\/p>\n\n\n\n<div class=\"wp-block-columns is-layout-flex wp-container-core-columns-is-layout-9d6595d7 wp-block-columns-is-layout-flex\">\n<div class=\"wp-block-column is-layout-flow wp-block-column-is-layout-flow\" style=\"flex-basis:33.33%\"><div class=\"wp-block-image\">\n<figure class=\"aligncenter size-full is-resized\"><img fetchpriority=\"high\" decoding=\"async\" width=\"286\" height=\"481\" src=\"http:\/\/eldoradoor.be\/wp-content\/uploads\/2023\/12\/Sans-titre-1-1.png\" alt=\"\" class=\"wp-image-128\" style=\"width:255px;height:auto\" srcset=\"https:\/\/eldoradoor.be\/wp-content\/uploads\/2023\/12\/Sans-titre-1-1.png 286w, https:\/\/eldoradoor.be\/wp-content\/uploads\/2023\/12\/Sans-titre-1-1-178x300.png 178w\" sizes=\"(max-width: 286px) 100vw, 286px\" \/><\/figure>\n<\/div><\/div>\n\n\n\n<div class=\"wp-block-column is-layout-flow wp-block-column-is-layout-flow\" style=\"flex-basis:80%\">\n<p class=\"has-text-align-center has-large-font-size\"><strong>S\u00e9rie Trend<\/strong><\/p>\n\n\n\n<p><strong>\u00c9paisseur du Panneau : <\/strong>40 mm<br><strong>Coefficient de Transfert Thermique :<\/strong> 1,35 W\/(m\u00b2K)<br><strong>Mat\u00e9riaux :<\/strong> Panneaux 40 mm en acier<br><strong>Syst\u00e8me de Contrepoids : <\/strong>Ressorts de traction et de torsion<br><strong>Fixations :<\/strong> Acier galvanis\u00e9<br><strong>Dimensions Maximales :<\/strong> 6000\u00d73000 mm<br><strong>Comparaison :<\/strong> Comparable \u00e0 un mur en brique de 55 cm<br><strong>Durabilit\u00e9 :<\/strong> Ressorts jusqu\u2019\u00e0 25 000 cycles<br><strong>Adaptabilit\u00e9 au Climat :<\/strong> Id\u00e9ale pour climats froids et temp\u00e9r\u00e9s<br><strong>Caract\u00e9ristiques :<\/strong> Fonctionnelle, fiable, \u00e9conomique<\/p>\n<\/div>\n<\/div>\n\n\n\n<hr class=\"wp-block-separator has-alpha-channel-opacity is-style-default\"\/>\n\n\n\n<div class=\"wp-block-columns is-layout-flex wp-container-core-columns-is-layout-9d6595d7 wp-block-columns-is-layout-flex\">\n<div class=\"wp-block-column is-layout-flow wp-block-column-is-layout-flow\" style=\"flex-basis:33.33%\"><div class=\"wp-block-image\">\n<figure class=\"aligncenter size-full is-resized\"><img decoding=\"async\" width=\"286\" height=\"481\" src=\"https:\/\/eldoradoor.be\/wp-content\/uploads\/2023\/12\/panneau-classic-45mm-1.png\" alt=\"\" class=\"wp-image-205\" style=\"width:248px;height:auto\" srcset=\"https:\/\/eldoradoor.be\/wp-content\/uploads\/2023\/12\/panneau-classic-45mm-1.png 286w, https:\/\/eldoradoor.be\/wp-content\/uploads\/2023\/12\/panneau-classic-45mm-1-178x300.png 178w\" sizes=\"(max-width: 286px) 100vw, 286px\" \/><\/figure>\n<\/div><\/div>\n\n\n\n<div class=\"wp-block-column is-layout-flow wp-block-column-is-layout-flow\" style=\"flex-basis:80%\">\n<p><\/p>\n\n\n\n<p class=\"has-text-align-center has-large-font-size\"><strong>S\u00e9rie Classic<\/strong><\/p>\n\n\n\n<div class=\"wp-block-group\"><div class=\"wp-block-group__inner-container is-layout-constrained wp-block-group-is-layout-constrained\">\n<div class=\"wp-block-group\"><div class=\"wp-block-group__inner-container is-layout-constrained wp-block-group-is-layout-constrained\">\n<p><strong>\u00c9paisseur du Panneau :&nbsp;<\/strong>45 mm<br><strong>Coefficient de Transfert Thermique :<\/strong>&nbsp;1,06 W\/(m\u00b2K)<br><strong>Mat\u00e9riaux :&nbsp;<\/strong>Panneaux 45 mm en acier<br><strong>Syst\u00e8me de Contrepoids :<\/strong>&nbsp;Ressorts de traction et de torsion<br><strong>Fixations :<\/strong> Acier inoxydable<br><strong>Dimensions Maximales :<\/strong>&nbsp;6000\u00d73000 mm<br><strong>Comparaison :<\/strong>&nbsp;Comparable \u00e0 un mur en brique de 60 cm<br><strong>Durabilit\u00e9 :<\/strong>&nbsp;Ressorts jusqu\u2019\u00e0 25 000 cycles<br><strong>Adaptabilit\u00e9 au Climat :<\/strong>&nbsp;Id\u00e9ale pour climats froids et temp\u00e9r\u00e9s<br><strong>Caract\u00e9ristiques :<\/strong>&nbsp;Fonctionnelle, fiable, durable<\/p>\n<\/div><\/div>\n<\/div><\/div>\n<\/div>\n<\/div>\n\n\n\n<hr class=\"wp-block-separator has-alpha-channel-opacity\"\/>\n\n\n\n<div class=\"wp-block-columns is-layout-flex wp-container-core-columns-is-layout-9d6595d7 wp-block-columns-is-layout-flex\">\n<div class=\"wp-block-column is-layout-flow wp-block-column-is-layout-flow\" style=\"flex-basis:33.33%\"><div class=\"wp-block-image\">\n<figure class=\"aligncenter size-full is-resized\"><img decoding=\"async\" width=\"286\" height=\"481\" src=\"https:\/\/eldoradoor.be\/wp-content\/uploads\/2023\/12\/panneau-prestige-45mm-1.png\" alt=\"\" class=\"wp-image-254\" style=\"width:248px\" srcset=\"https:\/\/eldoradoor.be\/wp-content\/uploads\/2023\/12\/panneau-prestige-45mm-1.png 286w, https:\/\/eldoradoor.be\/wp-content\/uploads\/2023\/12\/panneau-prestige-45mm-1-178x300.png 178w\" sizes=\"(max-width: 286px) 100vw, 286px\" \/><\/figure>\n<\/div><\/div>\n\n\n\n<div class=\"wp-block-column is-layout-flow wp-block-column-is-layout-flow\" style=\"flex-basis:80%\">\n<p class=\"has-text-align-center has-large-font-size\"><strong>S\u00e9rie Prestige<\/strong><\/p>\n\n\n\n<div class=\"wp-block-group\"><div class=\"wp-block-group__inner-container is-layout-constrained wp-block-group-is-layout-constrained\">\n<div class=\"wp-block-group is-nowrap is-layout-flex wp-container-core-group-is-layout-ad2f72ca wp-block-group-is-layout-flex\">\n<p><strong>\u00c9paisseur du Panneau :&nbsp;<\/strong>45 mm<br><strong>Coefficient de Transfert Thermique :<\/strong>&nbsp;1,06 W\/(m\u00b2K)<br><strong>Mat\u00e9riaux :&nbsp;<\/strong>Panneaux 45 mm en acier<br><strong>Syst\u00e8me de Contrepoids :<\/strong>&nbsp;Ressorts de traction et de torsion<br><strong>Fixations :<\/strong> Acier inoxydable &#8211; double roulette<br><strong>Dimensions Maximales :<\/strong>&nbsp;6000\u00d73000 mm<br><strong>Comparaison :<\/strong>&nbsp;Comparable \u00e0 un mur en brique de 60 cm<br><strong>Durabilit\u00e9 :<\/strong>&nbsp;Ressorts jusqu\u2019\u00e0 25 000 cycles<br><strong>Adaptabilit\u00e9 au Climat :<\/strong>&nbsp;Id\u00e9ale pour climats froids et temp\u00e9r\u00e9s<br><strong>Caract\u00e9ristiques :<\/strong>&nbsp;Fonctionnelle, fiable, robuste, esth\u00e9tique<\/p>\n<\/div>\n<\/div><\/div>\n<\/div>\n<\/div>\n\n\n\n<hr class=\"wp-block-separator has-alpha-channel-opacity\"\/>\n\n\n\n<div class=\"wp-block-media-text has-media-on-the-right is-stacked-on-mobile\" style=\"grid-template-columns:auto 68%\"><div class=\"wp-block-media-text__content\">\n<p>Choisissez parmi 4 types de panneaux pour une configuration ad\u00e9quate \u00e0 votre maison<\/p>\n<\/div><figure class=\"wp-block-media-text__media\"><img loading=\"lazy\" decoding=\"async\" width=\"751\" height=\"340\" src=\"https:\/\/eldoradoor.be\/wp-content\/uploads\/2023\/12\/2023-12-11-10_59_14-Window-1.jpg\" alt=\"\" class=\"wp-image-316 size-full\" srcset=\"https:\/\/eldoradoor.be\/wp-content\/uploads\/2023\/12\/2023-12-11-10_59_14-Window-1.jpg 751w, https:\/\/eldoradoor.be\/wp-content\/uploads\/2023\/12\/2023-12-11-10_59_14-Window-1-300x136.jpg 300w\" sizes=\"(max-width: 751px) 100vw, 751px\" \/><\/figure><\/div>\n\n\n\n<hr class=\"wp-block-separator has-alpha-channel-opacity\"\/>\n\n\n\n<div class=\"wp-block-columns is-layout-flex wp-container-core-columns-is-layout-9d6595d7 wp-block-columns-is-layout-flex\">\n<div class=\"wp-block-column is-layout-flow wp-block-column-is-layout-flow\">\n<div class=\"wp-block-buttons is-content-justification-center is-layout-flex wp-container-core-buttons-is-layout-16018d1d wp-block-buttons-is-layout-flex\">\n<div class=\"wp-block-button\"><a class=\"wp-block-button__link has-accent-background-color has-background has-text-align-center wp-element-button\">Cliquez ici pour plus d&#8217;informations<\/a><\/div>\n<\/div>\n<\/div>\n<\/div>\n","protected":false},"excerpt":{"rendered":"<p>S\u00e9rie Trend \u00c9paisseur du Panneau : 40 mmCoefficient de Transfert Thermique : 1,35 W\/(m\u00b2K)Mat\u00e9riaux : Panneaux 40 mm en acierSyst\u00e8me de Contrepoids : Ressorts de traction et de torsionFixations : Acier galvanis\u00e9Dimensions Maximales : 6000\u00d73000 mmComparaison : Comparable \u00e0 un mur en brique de 55 cmDurabilit\u00e9 : Ressorts jusqu\u2019\u00e0 25 [&hellip;]<\/p>\n","protected":false},"author":1,"featured_media":128,"parent":0,"menu_order":0,"comment_status":"closed","ping_status":"closed","template":"","meta":{"footnotes":""},"class_list":["post-85","page","type-page","status-publish","has-post-thumbnail","hentry"],"_links":{"self":[{"href":"https:\/\/eldoradoor.be\/index.php\/wp-json\/wp\/v2\/pages\/85","targetHints":{"allow":["GET"]}}],"collection":[{"href":"https:\/\/eldoradoor.be\/index.php\/wp-json\/wp\/v2\/pages"}],"about":[{"href":"https:\/\/eldoradoor.be\/index.php\/wp-json\/wp\/v2\/types\/page"}],"author":[{"embeddable":true,"href":"https:\/\/eldoradoor.be\/index.php\/wp-json\/wp\/v2\/users\/1"}],"replies":[{"embeddable":true,"href":"https:\/\/eldoradoor.be\/index.php\/wp-json\/wp\/v2\/comments?post=85"}],"version-history":[{"count":51,"href":"https:\/\/eldoradoor.be\/index.php\/wp-json\/wp\/v2\/pages\/85\/revisions"}],"predecessor-version":[{"id":430,"href":"https:\/\/eldoradoor.be\/index.php\/wp-json\/wp\/v2\/pages\/85\/revisions\/430"}],"wp:featuredmedia":[{"embeddable":true,"href":"https:\/\/eldoradoor.be\/index.php\/wp-json\/wp\/v2\/media\/128"}],"wp:attachment":[{"href":"https:\/\/eldoradoor.be\/index.php\/wp-json\/wp\/v2\/media?parent=85"}],"curies":[{"name":"wp","href":"https:\/\/api.w.org\/{rel}","templated":true}]}}